{"id":575,"date":"2014-11-11T19:17:05","date_gmt":"2014-11-11T19:17:05","guid":{"rendered":"http:\/\/logistic.freevision.me\/?page_id=575"},"modified":"2021-01-12T18:18:37","modified_gmt":"2021-01-12T18:18:37","slug":"home-corporate","status":"publish","type":"page","link":"https:\/\/hcc.cr\/home\/","title":{"rendered":"Home"},"content":{"rendered":"<p>[vc_row row_fullwidth=\u00bb1&#8243; row_fullheight=\u00bb1&#8243; bg_slider=\u00bbon\u00bb css=\u00bb.vc_custom_1478552952021{margin-top: 0px !important;margin-bottom: 0px !important;padding-top: 70px !important;padding-right: 20px !important;padding-bottom: 30px !important;padding-left: 20px !important;background-color: #000000 !important;}\u00bb bg_slider_images=\u00bb1218,1222&#8243; font_color=\u00bb#ffffff\u00bb][vc_column][vc_column_text css=\u00bb.vc_custom_1476858249837{margin-bottom: 0px !important;padding-bottom: 0px !important;}\u00bb]<\/p>\n<h4 style=\"text-align: center;\">BIENVENIDOS A HCC SHIPPING LOGISTICS<\/h4>\n<p>[\/vc_column_text][vc_custom_heading text=\u00bbSERVICIOS DE LOG\u00cdSTICA DE CLASE MUNDIAL\u00bb font_container=\u00bbtag:h2|font_size:70|text_align:center|color:%23ffffff|line_height:74px\u00bb google_fonts=\u00bbfont_family:Raleway%3A100%2C200%2C300%2Cregular%2C500%2C600%2C700%2C800%2C900|font_style:900%20bold%20regular%3A900%3Anormal\u00bb css=\u00bb.vc_custom_1476858598212{padding-right: 20% !important;padding-left: 20% !important;}\u00bb][vc_row_inner css=\u00bb.vc_custom_1416176578535{padding-top: 280px !important;}\u00bb][vc_column_inner width=\u00bb1\/3&#8243;]<div class=\"ozy-simlple-info-box\" id=\"simple-info-box-1700\"  style=\"background:url(https:\/\/hcc.cr\/home\/wp-content\/uploads\/2014\/11\/truck_1.jpg)\"><section><h5>ASISTENCIA DE COMPRAS<\/h5><h2>Servicios de Log\u00edstica<\/h2><p>Ofrecemos experiencia en transporte expr\u00e9s, a\u00e9reo, mar\u00edtimo y terrestre, soluciones log\u00edsticas, combinados con una amplia...<\/p><a href=\"http:\/\/hcc.cr\/home\/servicios\/\" target=\"_self\">LEER M\u00c1S<\/a>\n<\/section>\n<\/div>[\/vc_column_inner][vc_column_inner width=\u00bb1\/3&#8243;]<div class=\"ozy-simlple-info-box\" id=\"simple-info-box-390\"  style=\"background:url(https:\/\/hcc.cr\/home\/wp-content\/uploads\/2014\/11\/aircraft_1.jpg)\"><section><h5>RAPIDEZ<\/h5><h2>Carga A\u00e9rea<\/h2><p>Contamos con una amplia cobertura de transporte aereo a traves de los 5 continentes. Lo que te permite obtener tu carga de forma... <\/p><a href=\"http:\/\/hcc.cr\/home\/servicios\/\" target=\"_self\">LEER M\u00c1S<\/a>\n<\/section>\n<\/div>[\/vc_column_inner][vc_column_inner width=\u00bb1\/3&#8243;]<div class=\"ozy-simlple-info-box\" id=\"simple-info-box-4275\"  style=\"background:url(https:\/\/hcc.cr\/home\/wp-content\/uploads\/2014\/11\/cargo-ship-2.jpg)\"><section><h5>CAPACIDAD<\/h5><h2>Carga Mar\u00edtima<\/h2><p>Si tus palettes o tu carga tiene dimensiones amplias o un peso muy grande te ofrecemos la opcion de el transporte mar\u00edtimo... <\/p><a href=\"http:\/\/hcc.cr\/home\/servicios\/\" target=\"_self\">LEER M\u00c1S<\/a>\n<\/section>\n<\/div>[\/vc_column_inner][\/vc_row_inner][\/vc_column][\/vc_row][vc_row bg_parallax=\u00bbon\u00bb font_color=\u00bb#ffffff\u00bb css=\u00bb.vc_custom_1415742846793{margin-top: 0px !important;margin-bottom: 0px !important;padding-top: 60px !important;padding-bottom: 120px !important;background-image: url(http:\/\/hcc.cr\/home\/wp-content\/uploads\/2014\/11\/worldmap_dotted.png?id=576) !important;}\u00bb][vc_column]<h2 class=\"ozy-divider-cap-center wpb_content_element\">NUESTROS SERVICIOS<\/h2><div class=\"ozy-content-divider \" style=\"border-top-style:solid;border-top-width:2px;border-top-color:#34ccff;width:40px;max-width:40px;margin:20px auto;\"><\/div>[vc_row_inner][vc_column_inner width=\u00bb1\/2&#8243;]<div id=\"tile-with-icon_icon1244\" class=\"title-with-icon-wrapper clear xxlarge \" data-color=\"transparent\"><div class=\"wpb_content_element title-with-icon clearfix margin-bottom-0 \"><span  style=\"color:#34ccff !important;background-color:transparent !important;\" class=\"oic-flaticon1-storage17 clear xxlarge \" ><\/span><h3 class=\"content-color\" style=\"\">Consolidaci\u00f3n de Carga<\/h3><\/div><div class=\"wpb_content_element left-cs title-with-icon-content xxlarge clearfix\" style=\"\"><span style=\"color: #888fa1;\">Gestionamos su carga desde\u00a0cualquier parte del mundo,\u00a0dandole un servicio eficiente y un manejo optimo de sus operaciones logisticas,\u00a0esto le ahorra tiempo y costos en sus gestiones de importacion de carga.<\/span><\/div><\/div>[\/vc_column_inner][vc_column_inner width=\u00bb1\/2&#8243;]<div id=\"tile-with-icon_icon8829\" class=\"title-with-icon-wrapper clear xxlarge \" data-color=\"transparent\"><div class=\"wpb_content_element title-with-icon clearfix margin-bottom-0 \"><span  style=\"color:#34ccff !important;background-color:transparent !important;\" class=\"oic-flaticon2-hanging3 clear xxlarge \" ><\/span><h3 class=\"content-color\" style=\"\">Otros Servicios<\/h3><\/div><div class=\"wpb_content_element left-cs title-with-icon-content xxlarge clearfix\" style=\"\"><span style=\"color: #888fa1;\">Consulte nuestros servicios, la carga y la gesti\u00f3n aduanal son solo algunos de los servicios que ofrece HCC SHIPPING LOGISTICS.<\/span><\/div><\/div>[\/vc_column_inner][\/vc_row_inner][\/vc_column][\/vc_row][vc_row row_fullwidth=\u00bb1&#8243; css=\u00bb.vc_custom_1415739337232{margin-top: 0px !important;margin-right: 0px !important;margin-bottom: 0px !important;margin-left: 0px !important;padding-top: 60px !important;padding-right: 0px !important;padding-bottom: 60px !important;padding-left: 0px !important;}\u00bb][vc_column][vc_empty_space height=\u00bb60px\u00bb][\/vc_column][\/vc_row]<\/p>\n","protected":false},"excerpt":{"rendered":"<p>[vc_row row_fullwidth=\u00bb1&#8243; row_fullheight=\u00bb1&#8243; bg_slider=\u00bbon\u00bb css=\u00bb.vc_custom_1478552952021{margin-top: 0px !important;margin-bottom: 0px !important;padding-top: 70px !important;padding-right: 20px !important;padding-bottom: 30px !important;padding-left: 20px !important;background-color: #000000 !important;}\u00bb bg_slider_images=\u00bb1218,1222&#8243; font_color=\u00bb#ffffff\u00bb][vc_column][vc_column_text css=\u00bb.vc_custom_1476858249837{margin-bottom: 0px !important;padding-bottom: 0px !important;}\u00bb] BIENVENIDOS A HCC SHIPPING [&hellip;]<\/p>\n","protected":false},"author":1,"featured_media":0,"parent":0,"menu_order":0,"comment_status":"open","ping_status":"open","template":"","meta":{"footnotes":""},"class_list":["post-575","page","type-page","status-publish","hentry"],"_links":{"self":[{"href":"https:\/\/hcc.cr\/home\/wp-json\/wp\/v2\/pages\/575"}],"collection":[{"href":"https:\/\/hcc.cr\/home\/wp-json\/wp\/v2\/pages"}],"about":[{"href":"https:\/\/hcc.cr\/home\/wp-json\/wp\/v2\/types\/page"}],"author":[{"embeddable":true,"href":"https:\/\/hcc.cr\/home\/wp-json\/wp\/v2\/users\/1"}],"replies":[{"embeddable":true,"href":"https:\/\/hcc.cr\/home\/wp-json\/wp\/v2\/comments?post=575"}],"version-history":[{"count":25,"href":"https:\/\/hcc.cr\/home\/wp-json\/wp\/v2\/pages\/575\/revisions"}],"predecessor-version":[{"id":1343,"href":"https:\/\/hcc.cr\/home\/wp-json\/wp\/v2\/pages\/575\/revisions\/1343"}],"wp:attachment":[{"href":"https:\/\/hcc.cr\/home\/wp-json\/wp\/v2\/media?parent=575"}],"curies":[{"name":"wp","href":"https:\/\/api.w.org\/{rel}","templated":true}]}}