{"id":238,"date":"2014-10-31T21:18:20","date_gmt":"2014-10-31T21:18:20","guid":{"rendered":"http:\/\/logistic.freevision.me\/?page_id=238"},"modified":"2017-10-31T14:34:52","modified_gmt":"2017-10-31T14:34:52","slug":"servicios","status":"publish","type":"page","link":"https:\/\/hcc.cr\/home\/servicios\/","title":{"rendered":"Servicios"},"content":{"rendered":"<p>[vc_row bg_scroll=\u00bbh,-1&#8243; bottom_button=\u00bbon\u00bb bottom_button_color=\u00bb#ffffff\u00bb css=\u00bb.vc_custom_1414791195882{margin-top: 0px !important;margin-bottom: 0px !important;padding-top: 190px !important;padding-bottom: 190px !important;background-image: url(http:\/\/hcc.cr\/home\/wp-content\/uploads\/2014\/10\/logistic_bg.jpg?id=239) !important;}\u00bb row_min_height=\u00bb700px\u00bb bottom_button_icon=\u00bboic-down-open-big\u00bb bottom_button_link=\u00bb#section01&#8243;][vc_column]<div class=\"ozy-floating-box\" style=\"height:300px;text-align:center\"><div><div class=\"ozy-tlt\" style=\"width:100%;display:inline-block;text-align:center;color:#ffffff;font-weight:300;font-size:60px;line-height:70px\" data-display_time=\"3000\" data-in_effect=\"fadeIn\" data-in_effect_type=\"sync\" data-out_effect=\"fadeOut\" data-out_effect_type=\"sync\" data-loop=\"true\"><ul class=\"ozy-tlt-texts\" style=\"display: none\"><li>HCC Shipping Logistics<\/li><li>Soluciones Integrales de Transporte<\/li><li>Servicios Personalizados<\/li><\/ul><\/div><\/div><\/div>[\/vc_column][\/vc_row][vc_row row_fullwidth=\u00bb1&#8243; bottom_button=\u00bbon\u00bb css=\u00bb.vc_custom_1415788342136{margin-top: 0px !important;margin-bottom: 0px !important;padding-top: 60px !important;padding-bottom: 0px !important;}\u00bb bottom_button_icon=\u00bboic-down-open-big\u00bb bottom_button_link=\u00bb#plane\u00bb][vc_column width=\u00bb1\/3&#8243;][vc_single_image image=\u00bb1291&#8243; img_size=\u00bbfull\u00bb alignment=\u00bbcenter\u00bb][\/vc_column][vc_column width=\u00bb1\/3&#8243; css=\u00bb.vc_custom_1478549576338{border-top-width: 2px !important;border-right-width: 2px !important;border-bottom-width: 2px !important;border-left-width: 2px !important;padding-top: 40px !important;padding-right: 40px !important;padding-bottom: 40px !important;padding-left: 40px !important;}\u00bb][vc_single_image image=\u00bb1296&#8243; img_size=\u00bbfull\u00bb alignment=\u00bbcenter\u00bb css=\u00bb.vc_custom_1478549700917{margin-bottom: 0px !important;padding-bottom: 10px !important;}\u00bb][vc_column_text css=\u00bb.vc_custom_1478549501293{margin-top: 0px !important;padding-top: 0px !important;}\u00bb]<\/p>\n<h3><\/h3>\n<h3>SU CARGA SEGURA CON NOSOTROS<\/h3>\n<p>Somos una empresa con m\u00e1s de 10 a\u00f1os de experiencia en el medio. La confiabilidad y seguridad que tienen nuestros clientes en nosotros son nuestra mejor carta de presentaci\u00f3n.<\/p>\n<p>Contamos con alianzas estrat\u00e9gicas con empresas que poseen, al igual que nosotros, muchos a\u00f1os de experi\u00e9ncia que nos permiten ofrecerle a usted servicios complementarios adicionales, entre estos est\u00e1n:<\/p>\n<p>&#8211; Agencia de aduanas.<br \/>\n&#8211; Almac\u00e9n fiscal y general.<br \/>\n&#8211; Manejo de inventarios.<\/p>\n<p>Si usted necesita de nuestra asistencia en cualquiera de estos servicios por favor no dude en ponerse en contacto con nosotros.[\/vc_column_text][\/vc_column][vc_column width=\u00bb1\/3&#8243;][vc_single_image image=\u00bb1289&#8243; img_size=\u00bbfull\u00bb alignment=\u00bbcenter\u00bb css=\u00bb.vc_custom_1478549095287{margin-bottom: 0px !important;padding-top: 30px !important;padding-bottom: 0px !important;}\u00bb][\/vc_column][\/vc_row][vc_row bg_parallax=\u00bbon\u00bb font_color=\u00bb#ffffff\u00bb css=\u00bb.vc_custom_1478549896431{margin-top: 0px !important;margin-bottom: 0px !important;padding-top: 200px !important;padding-bottom: 200px !important;background-image: url(http:\/\/hcc.cr\/home\/wp-content\/uploads\/2014\/10\/72743287-1024&#215;640.jpg?id=1298) !important;}\u00bb row_id=\u00bbplane\u00bb][vc_column width=\u00bb1\/2&#8243;][\/vc_column][vc_column width=\u00bb1\/2&#8243;]<span id=\"ozy_icon_8312\" class=\"ozy-icon  wpb_content_element align-center xxxlarge clean icon oic-flaticon4-earth198 \" style=\"\" ><\/span>[vc_column_text]<\/p>\n<h2 style=\"text-align: center;\">Le brindamos excelentes tar\u00edfas que aseguran\u00a0premura en el\u00a0despacho adecuado de su carga en todos los destinos disponibles.<\/h2>\n<p>[\/vc_column_text][\/vc_column][\/vc_row][vc_row css=\u00bb.vc_custom_1414791187765{margin-top: 0px !important;margin-bottom: 0px !important;padding-top: 70px !important;padding-bottom: 70px !important;}\u00bb row_id=\u00bbsection01&#8243;][vc_column]<h3 class=\"ozy-divider-cap-center wpb_content_element\">SERVICIO DE CARGA A\u00c9REA y MAR\u00cdTIMA<\/h3><div class=\"ozy-content-divider \" style=\"border-top-style:solid;border-top-width:2px;border-top-color:#34ccff;width:40px;max-width:40px;margin:20px auto;\"><\/div>[vc_column_text css=\u00bb.vc_custom_1478552393616{padding-right: 18% !important;padding-left: 18% !important;}\u00bb]<\/p>\n<h5 style=\"text-align: center;\">En HCC Shipping te ofrecemos Carga A\u00e9rea y Mar\u00edtima desde cualquier locaci\u00f3n de Estados Unidos y el Mundo. Contamos con oficinas en cada uno de los 5 continentes, facilitandote as\u00ed el gestionar la importaci\u00f3n de cualquier bien desde cualquier parte del mundo.<\/h5>\n<p>[\/vc_column_text][vc_row_inner css=\u00bb.vc_custom_1414792164570{margin-bottom: 0px !important;padding-bottom: 0px !important;}\u00bb][vc_column_inner width=\u00bb1\/2&#8243;]<div id=\"tile-with-icon_icon2617\" class=\"title-with-icon-wrapper clear xlarge \" data-color=\"transparent\"><div class=\"wpb_content_element title-with-icon clearfix margin-bottom-0 top-style\"><span  style=\"color:#34ccff !important;background-color:transparent !important;\" class=\"oic-flaticon4-earth198 clear xlarge \" ><\/span><h4 style=\"color:#6b6b6b\">Disponibilidad Mundial<\/h4><\/div><div class=\"wpb_content_element top-cs title-with-icon-content xlarge clearfix\" style=\"color:#6b6b6b\">Contamos con oficinas en los 5 continentes donde gestionamos el env\u00edo y recepci\u00f3n de carga hacia Costa Rica.<\/div><\/div>[\/vc_column_inner][vc_column_inner width=\u00bb1\/2&#8243;]<div id=\"tile-with-icon_icon4151\" class=\"title-with-icon-wrapper clear xlarge \" data-color=\"transparent\"><div class=\"wpb_content_element title-with-icon clearfix margin-bottom-0 top-style\"><span  style=\"color:#34ccff !important;background-color:transparent !important;\" class=\"oic-flaticon4-call41 clear xlarge \" ><\/span><h4 style=\"color:#6b6b6b\">Servicio al Cliente<\/h4><\/div><div class=\"wpb_content_element top-cs title-with-icon-content xlarge clearfix\" style=\"color:#6b6b6b\">Para nosotros lo m\u00e1s importante es usted y sus necesidades, cons\u00faltenos en cualquier momento con sus dudas o preguntas, estamos siempre dispuestos a atenderle.<\/div><\/div>[\/vc_column_inner][\/vc_row_inner][vc_separator][vc_row_inner css=\u00bb.vc_custom_1414792164570{margin-bottom: 0px !important;padding-bottom: 0px !important;}\u00bb][vc_column_inner width=\u00bb1\/2&#8243;]<div id=\"tile-with-icon_icon1318\" class=\"title-with-icon-wrapper clear xlarge \" data-color=\"transparent\"><div class=\"wpb_content_element title-with-icon clearfix margin-bottom-0 top-style\"><span  style=\"color:#34ccff !important;background-color:transparent !important;\" class=\"oic-flaticon1-delivery25 clear xlarge \" ><\/span><h4 style=\"color:#6b6b6b\">Entrega y Puntualidad<\/h4><\/div><div class=\"wpb_content_element top-cs title-with-icon-content xlarge clearfix\" style=\"color:#6b6b6b\">Sabemos lo importante que es para usted el tiempo, esto implica asertividad en la gesti\u00f3n de sus negocios, y nosotros somos concientes de esto.<\/div><\/div>[\/vc_column_inner][vc_column_inner width=\u00bb1\/2&#8243;]<div id=\"tile-with-icon_icon1453\" class=\"title-with-icon-wrapper clear xlarge \" data-color=\"transparent\"><div class=\"wpb_content_element title-with-icon clearfix margin-bottom-0 top-style\"><span  style=\"color:#34ccff !important;background-color:transparent !important;\" class=\"oic-flaticon2-2413 clear xlarge \" ><\/span><h4 style=\"color:#6b6b6b\">Comunicaci\u00f3n permanente<\/h4><\/div><div class=\"wpb_content_element top-cs title-with-icon-content xlarge clearfix\" style=\"color:#6b6b6b\">Aun cuando usted duerme, nuestras sucursales y socios se encuentran activos preparando y recibiendo sus bienes para entregarlos en sus manos de forma expedita.<\/div><\/div>[\/vc_column_inner][\/vc_row_inner][\/vc_column][\/vc_row]<\/p>\n","protected":false},"excerpt":{"rendered":"<p>[vc_row bg_scroll=\u00bbh,-1&#8243; bottom_button=\u00bbon\u00bb bottom_button_color=\u00bb#ffffff\u00bb css=\u00bb.vc_custom_1414791195882{margin-top: 0px !important;margin-bottom: 0px !important;padding-top: 190px !important;padding-bottom: 190px !important;background-image: url(http:\/\/hcc.cr\/home\/wp-content\/uploads\/2014\/10\/logistic_bg.jpg?id=239) !important;}\u00bb row_min_height=\u00bb700px\u00bb bottom_button_icon=\u00bboic-down-open-big\u00bb bottom_button_link=\u00bb#section01&#8243;][vc_column][\/vc_column][\/vc_row][vc_row row_fullwidth=\u00bb1&#8243; bottom_button=\u00bbon\u00bb css=\u00bb.vc_custom_1415788342136{margin-top: 0px !important;margin-bottom: 0px !important;padding-top: 60px !important;padding-bottom: 0px !important;}\u00bb bottom_button_icon=\u00bboic-down-open-big\u00bb [&hellip;]<\/p>\n","protected":false},"author":1,"featured_media":0,"parent":0,"menu_order":0,"comment_status":"open","ping_status":"open","template":"","meta":{"footnotes":""},"class_list":["post-238","page","type-page","status-publish","hentry"],"_links":{"self":[{"href":"https:\/\/hcc.cr\/home\/wp-json\/wp\/v2\/pages\/238"}],"collection":[{"href":"https:\/\/hcc.cr\/home\/wp-json\/wp\/v2\/pages"}],"about":[{"href":"https:\/\/hcc.cr\/home\/wp-json\/wp\/v2\/types\/page"}],"author":[{"embeddable":true,"href":"https:\/\/hcc.cr\/home\/wp-json\/wp\/v2\/users\/1"}],"replies":[{"embeddable":true,"href":"https:\/\/hcc.cr\/home\/wp-json\/wp\/v2\/comments?post=238"}],"version-history":[{"count":17,"href":"https:\/\/hcc.cr\/home\/wp-json\/wp\/v2\/pages\/238\/revisions"}],"predecessor-version":[{"id":1341,"href":"https:\/\/hcc.cr\/home\/wp-json\/wp\/v2\/pages\/238\/revisions\/1341"}],"wp:attachment":[{"href":"https:\/\/hcc.cr\/home\/wp-json\/wp\/v2\/media?parent=238"}],"curies":[{"name":"wp","href":"https:\/\/api.w.org\/{rel}","templated":true}]}}